{"id":111,"date":"2025-03-04T18:01:51","date_gmt":"2025-03-04T18:01:51","guid":{"rendered":"https:\/\/arassivied.com\/?page_id=111"},"modified":"2025-03-07T19:30:30","modified_gmt":"2025-03-07T19:30:30","slug":"nosotros","status":"publish","type":"page","link":"https:\/\/arassivied.com\/index.php\/nosotros\/","title":{"rendered":"Nosotros"},"content":{"rendered":"\n<div class=\"wp-block-uagb-container uagb-block-1b3539fb alignfull uagb-is-root-container\"><div class=\"uagb-container-inner-blocks-wrap\">\n<div class=\"wp-block-uagb-advanced-heading uagb-block-1e9f933f\"><h1 class=\"uagb-heading-text\"><strong>Sobre Nosotros<\/strong><\/h1><\/div>\n<\/div><\/div>\n\n\n\n<div class=\"wp-block-uagb-container uagb-layout-grid uagb-block-c07c1ca2 alignfull uagb-is-root-container\"><div class=\"uagb-container-inner-blocks-wrap\">\n<div class=\"wp-block-uagb-info-box uagb-block-439a912a uagb-infobox__content-wrap  uagb-infobox-icon-above-title uagb-infobox-image-valign-top\"><div class=\"uagb-ifb-content\"><div class=\"uagb-ifb-title-wrap\"><h2 class=\"uagb-ifb-title\"><strong>Nuestra Historia<\/strong><\/h2><\/div><div class=\"uagb-ifb-separator\"><\/div><p class=\"uagb-ifb-desc\">En <strong>ARAS SIVIED S.A.<\/strong>, somos una empresa consolidada con m\u00e1s de 15 a\u00f1os de experiencia en servicios de transporte y log\u00edstica. Fundada por <strong>Deivis Miranda Calero<\/strong>, la empresa naci\u00f3 como un homenaje y continuaci\u00f3n del legado de su padre y su negocio familiar en el sector del transporte. Desde entonces, nos hemos posicionado como l\u00edderes en <br>transporte de carga pesada en Costa Rica.<br><br>Nos especializamos en brindar soluciones log\u00edsticas seguras, puntuales y eficientes, sirviendo tanto a la industria agr\u00edcola como comercial. ARAS SIVIED S.A. tambi\u00e9n contribuye al desarrollo local, generando empleo en Gu\u00e1piles y sus alrededores. Contamos con un equipo de m\u00e1s de 30 unidades y 30 colaboradores, incluyendo choferes de tr\u00e1iler, personal administrativo y t\u00e9cnicos especializados en mantenimiento de equipo pesado.<br><\/p><\/div><\/div>\n\n\n\n<figure class=\"wp-block-image size-full is-resized\"><img loading=\"lazy\" decoding=\"async\" width=\"1004\" height=\"591\" src=\"https:\/\/arassivied.com\/wp-content\/uploads\/2025\/03\/Tarjeta-de-presentacion-moderna-azul-4.png\" alt=\"\" class=\"wp-image-522\" style=\"width:557px;height:auto\" srcset=\"https:\/\/arassivied.com\/wp-content\/uploads\/2025\/03\/Tarjeta-de-presentacion-moderna-azul-4.png 1004w, https:\/\/arassivied.com\/wp-content\/uploads\/2025\/03\/Tarjeta-de-presentacion-moderna-azul-4-300x177.png 300w, https:\/\/arassivied.com\/wp-content\/uploads\/2025\/03\/Tarjeta-de-presentacion-moderna-azul-4-768x452.png 768w\" sizes=\"auto, (max-width: 1004px) 100vw, 1004px\" \/><\/figure>\n<\/div><\/div>\n\n\n\n<div class=\"wp-block-uagb-container uagb-block-ada1b635 alignfull uagb-is-root-container\"><div class=\"uagb-container-inner-blocks-wrap\">\n<div class=\"wp-block-uagb-advanced-heading uagb-block-85aae344\"><h4 class=\"uagb-heading-text\"><strong>Misi\u00f3n<\/strong><\/h4><div class=\"uagb-separator\"><\/div><p class=\"uagb-desc-text\">Somos una empresa que procura diariamente la excelencia en la prestaci\u00f3n de servicios de transporte y soporte log\u00edstico de mercader\u00eda, asegurando soluciones de alta calidad para nuestros clientes.<\/p><\/div>\n\n\n\n<div class=\"wp-block-uagb-container uagb-block-03a254f1\">\n<div class=\"wp-block-uagb-advanced-heading uagb-block-f897f70d\"><h4 class=\"uagb-heading-text\"><strong>Visi\u00f3n<\/strong><\/h4><div class=\"uagb-separator\"><\/div><p class=\"uagb-desc-text\">Nuestra meta es crecer constantemente, abarcando la creciente demanda nacional y expandiendo nuestras operaciones para ser la mejor opci\u00f3n en el transporte de carga pesada en Costa Rica y Centroam\u00e9rica.<br><\/p><\/div>\n<\/div>\n<\/div><\/div>\n\n\n\n<div class=\"wp-block-uagb-container uagb-block-c905cc36 alignfull uagb-is-root-container\"><div class=\"uagb-container-inner-blocks-wrap\">\n<div class=\"wp-block-uagb-container uagb-block-b400cc24\">\n<div class=\"wp-block-uagb-image uagb-block-726527c5 wp-block-uagb-image--layout-default wp-block-uagb-image--effect-static wp-block-uagb-image--align-none\"><figure class=\"wp-block-uagb-image__figure\"><img decoding=\"async\" srcset=\"https:\/\/arassivied.com\/wp-content\/uploads\/2025\/03\/cropped-Copia-de-Logo-Aras-PNG-2.png ,https:\/\/arassivied.com\/wp-content\/uploads\/2025\/03\/cropped-Copia-de-Logo-Aras-PNG-2.png 780w, https:\/\/arassivied.com\/wp-content\/uploads\/2025\/03\/cropped-Copia-de-Logo-Aras-PNG-2.png 360w\" sizes=\"auto, (max-width: 480px) 150px\" src=\"https:\/\/arassivied.com\/wp-content\/uploads\/2025\/03\/cropped-Copia-de-Logo-Aras-PNG-2.png\" alt=\"\" class=\"uag-image-138\" width=\"900\" height=\"300\" title=\"cropped-Copia-de-Logo-Aras-PNG-2.png\" loading=\"lazy\" role=\"img\"\/><\/figure><\/div>\n<\/div>\n<\/div><\/div>\n\n\n\n<p><\/p>\n\n\n\n<div class=\"wp-block-uagb-container uagb-layout-flex uagb-block-ow97rfpw default uagb-is-root-container\">\n<div class=\"wp-block-uagb-info-box uagb-block-dryvmmly uagb-infobox__content-wrap  uagb-infobox-icon-above-title uagb-infobox-image-valign-top\"><div class=\"uagb-ifb-content\"><div class=\"uagb-ifb-title-wrap\"><h2 class=\"uagb-ifb-title\"><strong>Aliados y Clientes<\/strong><\/h2><\/div><p class=\"uagb-ifb-desc\">Hemos establecido&nbsp;relaciones comerciales a largo plazo, basadas en la&nbsp;confianza, calidad y compromiso, con empresas que requieren&nbsp;soluciones log\u00edsticas eficientes y especializadas. Nuestra experiencia en el sector nos ha permitido garantizar un&nbsp;servicio seguro, puntual y confiable, adapt\u00e1ndonos a las necesidades de cada cliente y asegurando una colaboraci\u00f3n estable y duradera en el tiempo.<\/p><\/div><\/div>\n\n\n\n<div class=\"wp-block-uagb-image uagb-block-474d9a50 wp-block-uagb-image--layout-default wp-block-uagb-image--effect-static wp-block-uagb-image--align-none\"><figure class=\"wp-block-uagb-image__figure\"><img decoding=\"async\" srcset=\"https:\/\/arassivied.com\/wp-content\/uploads\/2025\/03\/Captura-de-pantalla-2025-03-06-a-las-13.44.31-1024x170.png ,https:\/\/arassivied.com\/wp-content\/uploads\/2025\/03\/Captura-de-pantalla-2025-03-06-a-las-13.44.31.png 780w, https:\/\/arassivied.com\/wp-content\/uploads\/2025\/03\/Captura-de-pantalla-2025-03-06-a-las-13.44.31.png 360w\" sizes=\"auto, (max-width: 480px) 150px\" src=\"https:\/\/arassivied.com\/wp-content\/uploads\/2025\/03\/Captura-de-pantalla-2025-03-06-a-las-13.44.31-1024x170.png\" alt=\"\" class=\"uag-image-558\" width=\"851\" height=\"315\" title=\"Captura de pantalla 2025-03-06 a la(s) 13.44.31\" loading=\"lazy\" role=\"img\"\/><\/figure><\/div>\n<\/div>\n\n\n\n<p><\/p>\n","protected":false},"excerpt":{"rendered":"<p>Sobre Nosotros Misi\u00f3n Somos una empresa que procura diariamente la excelencia en la prestaci\u00f3n de servicios de transporte y soporte [&hellip;]<\/p>\n","protected":false},"author":2,"featured_media":0,"parent":0,"menu_order":0,"comment_status":"closed","ping_status":"closed","template":"","meta":{"_uag_custom_page_level_css":"","site-sidebar-layout":"default","site-content-layout":"","ast-site-content-layout":"default","site-content-style":"default","site-sidebar-style":"default","ast-global-header-display":"","ast-banner-title-visibility":"","ast-main-header-display":"","ast-hfb-above-header-display":"","ast-hfb-below-header-display":"","ast-hfb-mobile-header-display":"","site-post-title":"disabled","ast-breadcrumbs-content":"","ast-featured-img":"","footer-sml-layout":"","ast-disable-related-posts":"","theme-transparent-header-meta":"default","adv-header-id-meta":"","stick-header-meta":"","header-above-stick-meta":"","header-main-stick-meta":"","header-below-stick-meta":"","astra-migrate-meta-layouts":"set","ast-page-background-enabled":"default","ast-page-background-meta":{"desktop":{"background-color":"var(--ast-global-color-5)","background-image":"","background-repeat":"repeat","background-position":"center center","background-size":"auto","background-attachment":"scroll","background-type":"","background-media":"","overlay-type":"","overlay-color":"","overlay-opacity":"","overlay-gradient":""},"tablet":{"background-color":"","background-image":"","background-repeat":"repeat","background-position":"center center","background-size":"auto","background-attachment":"scroll","background-type":"","background-media":"","overlay-type":"","overlay-color":"","overlay-opacity":"","overlay-gradient":""},"mobile":{"background-color":"","background-image":"","background-repeat":"repeat","background-position":"center center","background-size":"auto","background-attachment":"scroll","background-type":"","background-media":"","overlay-type":"","overlay-color":"","overlay-opacity":"","overlay-gradient":""}},"ast-content-background-meta":{"desktop":{"background-color":"var(--ast-global-color-4)","background-image":"","background-repeat":"repeat","background-position":"center center","background-size":"auto","background-attachment":"scroll","background-type":"","background-media":"","overlay-type":"","overlay-color":"","overlay-opacity":"","overlay-gradient":""},"tablet":{"background-color":"var(--ast-global-color-4)","background-image":"","background-repeat":"repeat","background-position":"center center","background-size":"auto","background-attachment":"scroll","background-type":"","background-media":"","overlay-type":"","overlay-color":"","overlay-opacity":"","overlay-gradient":""},"mobile":{"background-color":"var(--ast-global-color-4)","background-image":"","background-repeat":"repeat","background-position":"center center","background-size":"auto","background-attachment":"scroll","background-type":"","background-media":"","overlay-type":"","overlay-color":"","overlay-opacity":"","overlay-gradient":""}},"footnotes":""},"class_list":["post-111","page","type-page","status-publish","hentry"],"uagb_featured_image_src":{"full":false,"thumbnail":false,"medium":false,"medium_large":false,"large":false,"1536x1536":false,"2048x2048":false},"uagb_author_info":{"display_name":"AdminAras","author_link":"https:\/\/arassivied.com\/author\/admin-aras-siviedx\/"},"uagb_comment_info":0,"uagb_excerpt":"Sobre Nosotros Misi\u00f3n Somos una empresa que procura diariamente la excelencia en la prestaci\u00f3n de servicios de transporte y soporte [&hellip;]","_links":{"self":[{"href":"https:\/\/arassivied.com\/index.php\/wp-json\/wp\/v2\/pages\/111","targetHints":{"allow":["GET"]}}],"collection":[{"href":"https:\/\/arassivied.com\/index.php\/wp-json\/wp\/v2\/pages"}],"about":[{"href":"https:\/\/arassivied.com\/index.php\/wp-json\/wp\/v2\/types\/page"}],"author":[{"embeddable":true,"href":"https:\/\/arassivied.com\/index.php\/wp-json\/wp\/v2\/users\/2"}],"replies":[{"embeddable":true,"href":"https:\/\/arassivied.com\/index.php\/wp-json\/wp\/v2\/comments?post=111"}],"version-history":[{"count":18,"href":"https:\/\/arassivied.com\/index.php\/wp-json\/wp\/v2\/pages\/111\/revisions"}],"predecessor-version":[{"id":976,"href":"https:\/\/arassivied.com\/index.php\/wp-json\/wp\/v2\/pages\/111\/revisions\/976"}],"wp:attachment":[{"href":"https:\/\/arassivied.com\/index.php\/wp-json\/wp\/v2\/media?parent=111"}],"curies":[{"name":"wp","href":"https:\/\/api.w.org\/{rel}","templated":true}]}}