{"id":109,"date":"2025-03-04T18:00:06","date_gmt":"2025-03-04T18:00:06","guid":{"rendered":"https:\/\/arassivied.com\/?page_id=109"},"modified":"2025-03-07T21:01:21","modified_gmt":"2025-03-07T21:01:21","slug":"inicio","status":"publish","type":"page","link":"https:\/\/arassivied.com\/","title":{"rendered":"Inicio"},"content":{"rendered":"\n<div class=\"wp-block-uagb-container uagb-block-mo6tkcti alignfull uagb-is-root-container\"><div class=\"uagb-container-inner-blocks-wrap\">\n<div class=\"wp-block-uagb-info-box uagb-block-dnggftny uagb-infobox__content-wrap  uagb-infobox-icon-above-title uagb-infobox-image-valign-top\"><div class=\"uagb-ifb-content\"><div class=\"uagb-ifb-title-wrap\"><h1 class=\"uagb-ifb-title\">Transporte y Log\u00edstica en Costa Rica<\/h1><\/div><\/div><\/div>\n\n\n\n<div class=\"wp-block-uagb-buttons uagb-buttons__outer-wrap uagb-btn__default-btn uagb-btn-tablet__default-btn uagb-btn-mobile__default-btn uagb-block-eee2dows\"><div class=\"uagb-buttons__wrap uagb-buttons-layout-wrap \">\n<div class=\"wp-block-uagb-buttons-child uagb-buttons__outer-wrap uagb-block-a5aj61h7 wp-block-button\"><div class=\"uagb-button__wrapper\"><a class=\"uagb-buttons-repeater wp-block-button__link\" aria-label=\"\" href=\"https:\/\/wa.me\/50688726832\" rel=\"nofollow noopener\" target=\"_blank\" role=\"button\"><div class=\"uagb-button__link\">Solicita una Cotizaci\u00f3n<\/div><\/a><\/div><\/div>\n<\/div><\/div>\n<\/div><\/div>\n\n\n\n<footer class=\"wp-block-uagb-container uagb-layout-flex uagb-block-icuhn1v5 alignfull uagb-is-root-container\">\n<div class=\"wp-block-uagb-image alignleft uagb-block-5cpyhoeu wp-block-uagb-image--layout-default wp-block-uagb-image--effect-static wp-block-uagb-image--align-left\"><figure class=\"wp-block-uagb-image__figure\"><img decoding=\"async\" srcset=\"https:\/\/arassivied.com\/wp-content\/uploads\/2025\/03\/Tarjeta-Cuadrada-Feliz-Cumpleanos-Formas-globos-Moderno-Multicolor-1024x1024.png ,https:\/\/arassivied.com\/wp-content\/uploads\/2025\/03\/Tarjeta-Cuadrada-Feliz-Cumpleanos-Formas-globos-Moderno-Multicolor.png 780w, https:\/\/arassivied.com\/wp-content\/uploads\/2025\/03\/Tarjeta-Cuadrada-Feliz-Cumpleanos-Formas-globos-Moderno-Multicolor.png 360w\" sizes=\"auto, (max-width: 480px) 150px\" src=\"https:\/\/arassivied.com\/wp-content\/uploads\/2025\/03\/Tarjeta-Cuadrada-Feliz-Cumpleanos-Formas-globos-Moderno-Multicolor-1024x1024.png\" alt=\"\" class=\"uag-image-999\" width=\"557\" height=\"490\" title=\"\" loading=\"lazy\" role=\"presentation\"\/><\/figure><\/div>\n\n\n\n<div class=\"wp-block-uagb-container uagb-block-olmqviiz\">\n<div class=\"wp-block-uagb-info-box uagb-block-wdueqikw uagb-infobox__content-wrap  uagb-infobox-icon-above-title uagb-infobox-image-valign-top\"><div class=\"uagb-ifb-content\"><div class=\"uagb-ifb-title-wrap\"><p class=\"uagb-ifb-title-prefix\">\u00bfQui\u00e9nes Somos?<\/p><h2 class=\"uagb-ifb-title\">Empresa de Transporte de Carga Pesada&nbsp;<\/h2><\/div><p class=\"uagb-ifb-desc\">En Aras Sivied S.A, con m\u00e1s de 15 a\u00f1os de experiencia, ofrecemos soluciones log\u00edsticas seguras, eficientes y puntuales para la industria agr\u00edcola y comercial en Costa Rica. Nuestra flota moderna y equipo especializado garantizan un servicio de calidad en cada entrega.<\/p><\/div><\/div>\n\n\n\n<div class=\"wp-block-uagb-buttons uagb-buttons__outer-wrap uagb-btn__default-btn uagb-btn-tablet__default-btn uagb-btn-mobile__default-btn uagb-block-gf2qrups\"><div class=\"uagb-buttons__wrap uagb-buttons-layout-wrap \">\n<div class=\"wp-block-uagb-buttons-child uagb-buttons__outer-wrap uagb-block-v6tbqcn8 wp-block-button\"><div class=\"uagb-button__wrapper\"><a class=\"uagb-buttons-repeater wp-block-button__link\" aria-label=\"\" href=\"https:\/\/arassivied.com\/index.php\/nosotros\/\" rel=\"nofollow noopener\" target=\"_self\" role=\"button\"><div class=\"uagb-button__link\">Con\u00f3cenos m\u00e1s<\/div><\/a><\/div><\/div>\n<\/div><\/div>\n<\/div>\n<\/footer>\n\n\n\n<div class=\"wp-block-uagb-container uagb-block-fb32e4bf alignfull uagb-is-root-container\"><div class=\"uagb-container__shape uagb-container__shape-bottom uagb-container__invert\" data-negative=\"false\"><svg xmlns=\"https:\/\/www.w3.org\/2000\/svg\" viewBox=\"0 0 937.5 120\" preserveAspectRatio=\"none\"><path class=\"uagb-container__shape-fill\" d=\"M937,129.8V-0.1H0v129.9C0,62.6,209.6,8.2,468.4,8.2S936.9,62.6,937,129.8z\"><\/path><\/svg><\/div><div class=\"uagb-container-inner-blocks-wrap\">\n<div class=\"wp-block-uagb-image aligncenter uagb-block-052b1f4c wp-block-uagb-image--layout-default wp-block-uagb-image--effect-static wp-block-uagb-image--align-center\"><figure class=\"wp-block-uagb-image__figure\"><img decoding=\"async\" srcset=\"https:\/\/websitedemos.net\/love-nature-08\/wp-content\/uploads\/sites\/1037\/2021\/11\/quotes.svg ,https:\/\/websitedemos.net\/love-nature-08\/wp-content\/uploads\/sites\/1037\/2021\/11\/quotes.svg 780w, https:\/\/websitedemos.net\/love-nature-08\/wp-content\/uploads\/sites\/1037\/2021\/11\/quotes.svg 360w\" sizes=\"auto, (max-width: 480px) 150px\" src=\"https:\/\/websitedemos.net\/love-nature-08\/wp-content\/uploads\/sites\/1037\/2021\/11\/quotes.svg\" alt=\"\" class=\"uag-image-117\" width=\"37\" height=\"38\" title=\"quotes\" loading=\"lazy\" role=\"img\"\/><\/figure><\/div>\n\n\n\n<div class=\"wp-block-uagb-info-box uagb-block-54aaf525 uagb-infobox__content-wrap  uagb-infobox-icon-below-title uagb-infobox-image-valign-top\"><div class=\"uagb-ifb-content\"><div class=\"uagb-ifb-title-wrap\"><h2 class=\"uagb-ifb-title\">\u00abEl transporte es m\u00e1s que un negocio; es un legado de esfuerzo y compromiso. En ARAS SIVIED S.A., continuamos el camino con excelencia y responsabilidad.\u00bb<\/h2><\/div><div class=\"uagb-ifb-image-content\"><img decoding=\"async\" src=\"https:\/\/arassivied.com\/wp-content\/uploads\/2025\/03\/Captura-de-pantalla-2025-03-05-a-las-09.39.40-150x150.png\" alt=\"\" width=\"91\" height=\"91\" loading=\"lazy\"\/><\/div><p class=\"uagb-ifb-desc\">Deivis Miranda Calero<br>Fundador<\/p><\/div><\/div>\n<\/div><\/div>\n\n\n\n<div class=\"wp-block-uagb-container uagb-block-4e5b41fa alignfull uagb-is-root-container\"><div class=\"uagb-container-inner-blocks-wrap\">\n<div class=\"wp-block-uagb-advanced-heading uagb-block-ed3416f6\"><h2 class=\"uagb-heading-text\">Servicios<\/h2><div class=\"uagb-separator\"><\/div><\/div>\n\n\n\n<div class=\"wp-block-uagb-container uagb-block-0c24c3bb\">\n<div class=\"wp-block-uagb-container uagb-block-2f95617e\">\n<div class=\"wp-block-uagb-image aligncenter uagb-block-399e16d2 wp-block-uagb-image--layout-default wp-block-uagb-image--effect-static wp-block-uagb-image--align-center\"><figure class=\"wp-block-uagb-image__figure\"><img decoding=\"async\" srcset=\"https:\/\/arassivied.com\/wp-content\/uploads\/2025\/03\/WhatsApp-Image-2025-02-22-at-12.38.53-2-768x1024.jpeg ,https:\/\/arassivied.com\/wp-content\/uploads\/2025\/03\/WhatsApp-Image-2025-02-22-at-12.38.53-2.jpeg 780w, https:\/\/arassivied.com\/wp-content\/uploads\/2025\/03\/WhatsApp-Image-2025-02-22-at-12.38.53-2.jpeg 360w\" sizes=\"auto, (max-width: 480px) 150px\" src=\"https:\/\/arassivied.com\/wp-content\/uploads\/2025\/03\/WhatsApp-Image-2025-02-22-at-12.38.53-2-768x1024.jpeg\" alt=\"\" class=\"uag-image-336\" width=\"475\" height=\"297\" title=\"WhatsApp Image 2025-02-22 at 12.38.53 (2)\" loading=\"lazy\" role=\"img\"\/><\/figure><\/div>\n\n\n\n<div class=\"wp-block-uagb-info-box uagb-block-2935a13f uagb-infobox__content-wrap  uagb-infobox-icon-above-title uagb-infobox-image-valign-top\"><div class=\"uagb-ifb-content\"><div class=\"uagb-ifb-title-wrap\"><h5 class=\"uagb-ifb-title\"><strong>Transporte de Carga Pesada<\/strong><\/h5><\/div><p class=\"uagb-ifb-desc\">Nos especializamos en el&nbsp;traslado de mercanc\u00eda a nivel nacional e internacional, asegurando un servicio confiable, seguro y eficiente. Contamos con una&nbsp;flota moderna de m\u00e1s de 30 unidades certificadas, equipada con&nbsp;GPS en tiempo real&nbsp;para un monitoreo preciso de cada carga. Disponemos de&nbsp;carretas planas, carretas de malla, contenedores de todos los tipos, lowboy y diferentes tipos de remolques, adapt\u00e1ndonos a las necesidades espec\u00edficas de cada cliente.<\/p><\/div><\/div>\n<\/div>\n\n\n\n<div class=\"wp-block-uagb-container uagb-block-65b8b623\">\n<div class=\"wp-block-uagb-image aligncenter uagb-block-3235bff2 wp-block-uagb-image--layout-default wp-block-uagb-image--effect-static wp-block-uagb-image--align-center\"><figure class=\"wp-block-uagb-image__figure\"><img decoding=\"async\" srcset=\"https:\/\/arassivied.com\/wp-content\/uploads\/2025\/03\/23c4d6f5-ad43-4107-a9c2-e2cd35cb2c2f-1-768x1024.jpg ,https:\/\/arassivied.com\/wp-content\/uploads\/2025\/03\/23c4d6f5-ad43-4107-a9c2-e2cd35cb2c2f-1.jpg 780w, https:\/\/arassivied.com\/wp-content\/uploads\/2025\/03\/23c4d6f5-ad43-4107-a9c2-e2cd35cb2c2f-1.jpg 360w\" sizes=\"auto, (max-width: 480px) 150px\" src=\"https:\/\/arassivied.com\/wp-content\/uploads\/2025\/03\/23c4d6f5-ad43-4107-a9c2-e2cd35cb2c2f-1-768x1024.jpg\" alt=\"\" class=\"uag-image-415\" width=\"475\" height=\"297\" title=\"23c4d6f5-ad43-4107-a9c2-e2cd35cb2c2f\" loading=\"lazy\" role=\"img\"\/><\/figure><\/div>\n\n\n\n<div class=\"wp-block-uagb-info-box uagb-block-c27f163a uagb-infobox__content-wrap  uagb-infobox-icon-above-title uagb-infobox-image-valign-top\"><div class=\"uagb-ifb-content\"><div class=\"uagb-ifb-title-wrap\"><h5 class=\"uagb-ifb-title\">Maquinaria<\/h5><\/div><p class=\"uagb-ifb-desc\">Ofrecemos&nbsp;equipos especializados&nbsp;para&nbsp;movimiento de tierra y operaciones industriales. Garantizamos una&nbsp;operaci\u00f3n eficiente, respaldada por&nbsp;t\u00e9cnicos capacitados y mantenimiento constante.&nbsp;<br><br><br><br><br><\/p><\/div><\/div>\n<\/div>\n<\/div>\n<\/div><\/div>\n\n\n\n<div id=\"services\" class=\"wp-block-uagb-container uagb-block-87240bf6 alignfull uagb-is-root-container\"><div class=\"uagb-container-inner-blocks-wrap\">\n<div class=\"wp-block-uagb-container uagb-block-ae4671e8\">\n<div class=\"wp-block-uagb-container uagb-block-e3bf698d\">\n<div class=\"wp-block-uagb-info-box uagb-block-cb683c19 uagb-infobox__content-wrap  uagb-infobox-icon-above-title uagb-infobox-image-valign-top wp-block-uagb-info-box--has-margin\"><div class=\"uagb-infobox-margin-wrapper\"><div class=\"uagb-ifb-content\"><div class=\"uagb-ifb-icon-wrap\"><svg xmlns=\"https:\/\/www.w3.org\/2000\/svg\" viewBox=\"0 0 640 512\"><path d=\"M213.2 32H288V96C288 113.7 302.3 128 320 128C337.7 128 352 113.7 352 96V32H426.8C453.9 32 478 49.08 487.1 74.63L529.8 195.2C518.9 193.1 507.6 192 496 192C436.5 192 383.9 221.6 352 266.8V224C352 206.3 337.7 192 320 192C302.3 192 288 206.3 288 224V288C288 305.7 302.3 320 320 320C322.3 320 324.6 319.7 326.8 319.3C322.4 334.7 320 351.1 320 368C320 373.4 320.2 378.7 320.7 384L320 384C302.3 384 288 398.3 288 416V480H86.61C56.45 480 32 455.5 32 425.4C32 419.2 33.06 413 35.13 407.2L152.9 74.63C161.1 49.08 186.1 32 213.2 32H213.2zM640 368C640 447.5 575.5 512 496 512C416.5 512 352 447.5 352 368C352 288.5 416.5 224 496 224C575.5 224 640 288.5 640 368zM540.7 324.7L480 385.4L451.3 356.7C445.1 350.4 434.9 350.4 428.7 356.7C422.4 362.9 422.4 373.1 428.7 379.3L468.7 419.3C474.9 425.6 485.1 425.6 491.3 419.3L563.3 347.3C569.6 341.1 569.6 330.9 563.3 324.7C557.1 318.4 546.9 318.4 540.7 324.7H540.7z\"><\/path><\/svg><\/div><div class=\"uagb-ifb-title-wrap\"><h5 class=\"uagb-ifb-title\">Experiencia y Trayectoria<\/h5><\/div><p class=\"uagb-ifb-desc\">M\u00e1s de&nbsp;<strong>15 a\u00f1os en el sector<\/strong>&nbsp;garantizan nuestro conocimiento y liderazgo en el transporte de carga pesada.<br><\/p><\/div><\/div><\/div>\n<\/div>\n\n\n\n<div class=\"wp-block-uagb-container uagb-block-9d823cda\">\n<div class=\"wp-block-uagb-info-box uagb-block-fdf85cc5 uagb-infobox__content-wrap  uagb-infobox-icon-above-title uagb-infobox-image-valign-top wp-block-uagb-info-box--has-margin\"><div class=\"uagb-infobox-margin-wrapper\"><div class=\"uagb-ifb-content\"><div class=\"uagb-ifb-icon-wrap\"><svg xmlns=\"https:\/\/www.w3.org\/2000\/svg\" viewBox=\"0 0 640 512\"><path d=\"M368 0C394.5 0 416 21.49 416 48V96H466.7C483.7 96 499.1 102.7 512 114.7L589.3 192C601.3 204 608 220.3 608 237.3V352C625.7 352 640 366.3 640 384C640 401.7 625.7 416 608 416H576C576 469 533 512 480 512C426.1 512 384 469 384 416H256C256 469 213 512 160 512C106.1 512 64 469 64 416H48C21.49 416 0 394.5 0 368V48C0 21.49 21.49 0 48 0H368zM416 160V256H544V237.3L466.7 160H416zM160 368C133.5 368 112 389.5 112 416C112 442.5 133.5 464 160 464C186.5 464 208 442.5 208 416C208 389.5 186.5 368 160 368zM480 464C506.5 464 528 442.5 528 416C528 389.5 506.5 368 480 368C453.5 368 432 389.5 432 416C432 442.5 453.5 464 480 464z\"><\/path><\/svg><\/div><div class=\"uagb-ifb-title-wrap\"><h5 class=\"uagb-ifb-title\">Flota y Equipo Especializado<\/h5><\/div><p class=\"uagb-ifb-desc\">Contamos con una flota moderna y en constante mantenimiento, equipada con&nbsp;<strong>GPS de monitoreo en tiempo real<\/strong>, asegurando cada entrega.<\/p><\/div><\/div><\/div>\n<\/div>\n\n\n\n<div class=\"wp-block-uagb-container uagb-block-805e2fbd\">\n<div class=\"wp-block-uagb-info-box uagb-block-d453df60 uagb-infobox__content-wrap  uagb-infobox-icon-above-title uagb-infobox-image-valign-top wp-block-uagb-info-box--has-margin\"><div class=\"uagb-infobox-margin-wrapper\"><div class=\"uagb-ifb-content\"><div class=\"uagb-ifb-icon-wrap\"><svg xmlns=\"https:\/\/www.w3.org\/2000\/svg\" viewBox=\"0 0 640 512\"><path d=\"M334.6 217.4l-30 27.49C264 282.1 217.8 256.8 202.9 240.6C176 211.2 178.1 165.7 207.3 138.9L289.1 64H282.5C224.7 64 169.1 86.95 128.2 127.8L32 128.1c-17.6 0-32 14.39-32 31.98v159.8c0 17.59 14.4 32.04 31.1 32.04l114.3-.0604l90.5 81.82c27.5 22.37 67.75 18.11 90-9.255l18.12 15.25c15.88 12.1 39.38 10.5 52.38-5.369l31.38-38.6l5.374 4.498c13.75 11 33.88 9.002 45-4.748l9.576-11.83c11.08-13.7 8.979-33.75-4.701-44.86L334.6 217.4zM608 128.1l-96-.1257c-40.98-40.96-96.56-63.88-154.5-63.88L348.9 64c-8 0-15.62 3.197-21.62 8.568L229 162.3C228.9 162.5 228.8 162.7 228.8 162.7C212 178.5 212.4 203.3 226.6 218.7c9.625 10.5 35 21.62 56.13 2.75c0-.125 .25-.125 .375-.25l80-73.1c6.5-5.871 16.62-5.496 22.62 1s5.5 16.62-1 22.62l-26.12 23.87l145.6 118.1c12.12 9.992 19.5 23.49 22.12 37.98L608 351.7c17.6 0 32-14.38 32-31.98V160.1C640 142.4 625.7 128.1 608 128.1z\"><\/path><\/svg><\/div><div class=\"uagb-ifb-title-wrap\"><h5 class=\"uagb-ifb-title\">Soluciones Log\u00edsticas Eficientes<\/h5><\/div><p class=\"uagb-ifb-desc\">Nos adaptamos a las necesidades de cada cliente, ofreciendo&nbsp;<strong>transporte especializado con soporte y asistencia 24\/7<\/strong><\/p><\/div><\/div><\/div>\n<\/div>\n\n\n\n<div class=\"wp-block-uagb-container uagb-block-a4e72db6\">\n<div class=\"wp-block-uagb-info-box uagb-block-d70d2cfa uagb-infobox__content-wrap  uagb-infobox-icon-above-title uagb-infobox-image-valign-top wp-block-uagb-info-box--has-margin\"><div class=\"uagb-infobox-margin-wrapper\"><div class=\"uagb-ifb-content\"><div class=\"uagb-ifb-icon-wrap\"><svg xmlns=\"https:\/\/www.w3.org\/2000\/svg\" viewBox=\"0 0 576 512\"><path d=\"M480 80C480 53.49 458.5 32 432 32h-288C117.5 32 96 53.49 96 80V384h384V80zM378.9 166.8l-88 112c-4.031 5.156-10 8.438-16.53 9.062C273.6 287.1 272.7 287.1 271.1 287.1c-5.719 0-11.21-2.019-15.58-5.769l-56-48C190.3 225.6 189.2 210.4 197.8 200.4c8.656-10.06 23.81-11.19 33.84-2.594l36.97 31.69l72.53-92.28c8.188-10.41 23.31-12.22 33.69-4.062C385.3 141.3 387.1 156.4 378.9 166.8zM528 288H512v112c0 8.836-7.164 16-16 16h-416C71.16 416 64 408.8 64 400V288H48C21.49 288 0 309.5 0 336v96C0 458.5 21.49 480 48 480h480c26.51 0 48-21.49 48-48v-96C576 309.5 554.5 288 528 288z\"><\/path><\/svg><\/div><div class=\"uagb-ifb-title-wrap\"><h5 class=\"uagb-ifb-title\">Cobertura y Confiabilidad<\/h5><\/div><p class=\"uagb-ifb-desc\">Operamos en&nbsp;<strong>todo el territorio nacional<\/strong>, con clientes en distintos sectores. Nos destacamos por mantener relaciones comerciales a largo plazo.<\/p><\/div><\/div><\/div>\n<\/div>\n<\/div>\n<\/div><\/div>\n\n\n\n<p><\/p>\n","protected":false},"excerpt":{"rendered":"<p>Servicios<\/p>\n","protected":false},"author":2,"featured_media":0,"parent":0,"menu_order":0,"comment_status":"closed","ping_status":"closed","template":"","meta":{"_uag_custom_page_level_css":"","site-sidebar-layout":"default","site-content-layout":"","ast-site-content-layout":"default","site-content-style":"default","site-sidebar-style":"default","ast-global-header-display":"","ast-banner-title-visibility":"","ast-main-header-display":"","ast-hfb-above-header-display":"","ast-hfb-below-header-display":"","ast-hfb-mobile-header-display":"","site-post-title":"disabled","ast-breadcrumbs-content":"","ast-featured-img":"","footer-sml-layout":"","ast-disable-related-posts":"","theme-transparent-header-meta":"default","adv-header-id-meta":"","stick-header-meta":"","header-above-stick-meta":"","header-main-stick-meta":"","header-below-stick-meta":"","astra-migrate-meta-layouts":"set","ast-page-background-enabled":"default","ast-page-background-meta":{"desktop":{"background-color":"var(--ast-global-color-5)","background-image":"","background-repeat":"repeat","background-position":"center center","background-size":"auto","background-attachment":"scroll","background-type":"","background-media":"","overlay-type":"","overlay-color":"","overlay-opacity":"","overlay-gradient":""},"tablet":{"background-color":"","background-image":"","background-repeat":"repeat","background-position":"center center","background-size":"auto","background-attachment":"scroll","background-type":"","background-media":"","overlay-type":"","overlay-color":"","overlay-opacity":"","overlay-gradient":""},"mobile":{"background-color":"","background-image":"","background-repeat":"repeat","background-position":"center center","background-size":"auto","background-attachment":"scroll","background-type":"","background-media":"","overlay-type":"","overlay-color":"","overlay-opacity":"","overlay-gradient":""}},"ast-content-background-meta":{"desktop":{"background-color":"var(--ast-global-color-4)","background-image":"","background-repeat":"repeat","background-position":"center center","background-size":"auto","background-attachment":"scroll","background-type":"","background-media":"","overlay-type":"","overlay-color":"","overlay-opacity":"","overlay-gradient":""},"tablet":{"background-color":"var(--ast-global-color-4)","background-image":"","background-repeat":"repeat","background-position":"center center","background-size":"auto","background-attachment":"scroll","background-type":"","background-media":"","overlay-type":"","overlay-color":"","overlay-opacity":"","overlay-gradient":""},"mobile":{"background-color":"var(--ast-global-color-4)","background-image":"","background-repeat":"repeat","background-position":"center center","background-size":"auto","background-attachment":"scroll","background-type":"","background-media":"","overlay-type":"","overlay-color":"","overlay-opacity":"","overlay-gradient":""}},"footnotes":""},"class_list":["post-109","page","type-page","status-publish","hentry"],"uagb_featured_image_src":{"full":false,"thumbnail":false,"medium":false,"medium_large":false,"large":false,"1536x1536":false,"2048x2048":false},"uagb_author_info":{"display_name":"AdminAras","author_link":"https:\/\/arassivied.com\/author\/admin-aras-siviedx\/"},"uagb_comment_info":0,"uagb_excerpt":"Servicios","_links":{"self":[{"href":"https:\/\/arassivied.com\/index.php\/wp-json\/wp\/v2\/pages\/109","targetHints":{"allow":["GET"]}}],"collection":[{"href":"https:\/\/arassivied.com\/index.php\/wp-json\/wp\/v2\/pages"}],"about":[{"href":"https:\/\/arassivied.com\/index.php\/wp-json\/wp\/v2\/types\/page"}],"author":[{"embeddable":true,"href":"https:\/\/arassivied.com\/index.php\/wp-json\/wp\/v2\/users\/2"}],"replies":[{"embeddable":true,"href":"https:\/\/arassivied.com\/index.php\/wp-json\/wp\/v2\/comments?post=109"}],"version-history":[{"count":64,"href":"https:\/\/arassivied.com\/index.php\/wp-json\/wp\/v2\/pages\/109\/revisions"}],"predecessor-version":[{"id":1006,"href":"https:\/\/arassivied.com\/index.php\/wp-json\/wp\/v2\/pages\/109\/revisions\/1006"}],"wp:attachment":[{"href":"https:\/\/arassivied.com\/index.php\/wp-json\/wp\/v2\/media?parent=109"}],"curies":[{"name":"wp","href":"https:\/\/api.w.org\/{rel}","templated":true}]}}